{"id":29894,"date":"2018-07-02T11:45:39","date_gmt":"2018-07-02T08:45:39","guid":{"rendered":"https:\/\/www.longitudi.fi\/tuote\/petter-ernst-stockholm\/"},"modified":"2020-06-13T18:09:25","modified_gmt":"2020-06-13T15:09:25","slug":"petter-ernst-stockholm","status":"publish","type":"product","link":"https:\/\/www.longitudi.fi\/en\/product\/petter-ernst-stockholm\/","title":{"rendered":"Petter Ernst, Stockholm"},"content":{"rendered":"<p><strong>PETTER ERNST TABLE CLOCK<\/strong><\/p>\n<p>Rare table clock by swedish clockmaker Petter Ernst (1714\u0096-1784). Petter Ernst was Sweden&#8217;s most famous clockmaker of the Rococo period.<\/p>\n<p>He started his career in Vaxj\u00f6 and he was known to be very gifted maker of all kinds of machines. He sent few of his early machines to Royal Academy of Sciences for evaluation. They were very surprised of his skills and quality of make and asked him to take charge of <em>Stockholms Manufabrique<\/em>, institution which was producing clocks and scientific equipment for Academy ond other royal institutions. He was given full salary for overseeing factory and option to have also own private clients. Most of Manufabrique&#8217;s production was clocks and those were usually signed and numbered. Part of his production bears also a year stamp. It is presumed that these clocks were made by order for Academy, but it is not know for sure. The movement of this clock is stamped with mark F, which refers to production year 1764. Under dial bezel is signature <em>Lindmarck, <\/em>which refers to <em>Jonas Lindmarck ( born 1727)\u00a0 <\/em>who was working as apprentice in Petter Ernst <em>manufabrique.\u00a0<\/em><\/p>\n<p>Early Empire-style case was made by Ernst&#8217;s pupil and workshop manager Sven-Petter H\u00f6rning (1750\u0096-1808). The case has hand-sawn mahogany veneer and ormolu-gilded ornaments. Very high quality movement is fully restored and comes with a 24-month service warranty.<\/p>\n<p>Size is 31,5 x 50cm.<\/p>\n<p>&nbsp;<\/p>\n","protected":false},"excerpt":{"rendered":"<p>Petter Ernst, Stokholm empire p\u00f6yt\u00e4kello.<br \/>\nKoko 31,5\u00d750 cm<\/p>\n","protected":false},"featured_media":15389,"template":"","meta":{"_acf_changed":false},"product_brand":[],"product_cat":[1512,1238,1278],"product_tag":[270,273],"class_list":{"0":"post-29894","1":"product","2":"type-product","3":"status-publish","4":"has-post-thumbnail","6":"product_cat-antique-clocks","7":"product_cat-sold-watches","8":"product_cat-table-clocks","9":"product_tag-petter-ernst-en","10":"product_tag-poytakello-en","12":"first","13":"outofstock","14":"product-type-simple"},"acf":[],"yoast_head":"<!-- This site is optimized with the Yoast SEO plugin v27.3 - https:\/\/yoast.com\/product\/yoast-seo-wordpress\/ -->\n<title>Petter Ernst, Stockholm - Longitudi<\/title>\n<meta name=\"robots\" content=\"index, follow, max-snippet:-1, max-image-preview:large, max-video-preview:-1\" \/>\n<link rel=\"canonical\" href=\"https:\/\/www.longitudi.fi\/en\/product\/petter-ernst-stockholm\/\" \/>\n<meta property=\"og:locale\" content=\"en_US\" \/>\n<meta property=\"og:type\" content=\"article\" \/>\n<meta property=\"og:title\" content=\"Petter Ernst, Stockholm - Longitudi\" \/>\n<meta property=\"og:description\" content=\"Petter Ernst, Stokholm empire p\u00f6yt\u00e4kello. Koko 31,5\u00d750 cm\" \/>\n<meta property=\"og:url\" content=\"https:\/\/www.longitudi.fi\/en\/product\/petter-ernst-stockholm\/\" \/>\n<meta property=\"og:site_name\" content=\"Longitudi\" \/>\n<meta property=\"article:publisher\" content=\"https:\/\/www.facebook.com\/LongitudiOy\/\" \/>\n<meta property=\"article:modified_time\" content=\"2020-06-13T15:09:25+00:00\" \/>\n<meta property=\"og:image\" content=\"https:\/\/www.longitudi.fi\/wp-content\/uploads\/2018\/06\/Ernst.jpg\" \/>\n\t<meta property=\"og:image:width\" content=\"1000\" \/>\n\t<meta property=\"og:image:height\" content=\"1000\" \/>\n\t<meta property=\"og:image:type\" content=\"image\/jpeg\" \/>\n<meta name=\"twitter:card\" content=\"summary_large_image\" \/>\n<meta name=\"twitter:label1\" content=\"Est. reading time\" \/>\n\t<meta name=\"twitter:data1\" content=\"1 minute\" \/>\n<script type=\"application\/ld+json\" class=\"yoast-schema-graph\">{\"@context\":\"https:\\\/\\\/schema.org\",\"@graph\":[{\"@type\":\"WebPage\",\"@id\":\"https:\\\/\\\/www.longitudi.fi\\\/en\\\/product\\\/petter-ernst-stockholm\\\/\",\"url\":\"https:\\\/\\\/www.longitudi.fi\\\/en\\\/product\\\/petter-ernst-stockholm\\\/\",\"name\":\"Petter Ernst, Stockholm - Longitudi\",\"isPartOf\":{\"@id\":\"https:\\\/\\\/www.longitudi.fi\\\/en\\\/#website\"},\"primaryImageOfPage\":{\"@id\":\"https:\\\/\\\/www.longitudi.fi\\\/en\\\/product\\\/petter-ernst-stockholm\\\/#primaryimage\"},\"image\":{\"@id\":\"https:\\\/\\\/www.longitudi.fi\\\/en\\\/product\\\/petter-ernst-stockholm\\\/#primaryimage\"},\"thumbnailUrl\":\"https:\\\/\\\/www.longitudi.fi\\\/wp-content\\\/uploads\\\/2018\\\/06\\\/Ernst.jpg\",\"datePublished\":\"2018-07-02T08:45:39+00:00\",\"dateModified\":\"2020-06-13T15:09:25+00:00\",\"breadcrumb\":{\"@id\":\"https:\\\/\\\/www.longitudi.fi\\\/en\\\/product\\\/petter-ernst-stockholm\\\/#breadcrumb\"},\"inLanguage\":\"en-US\",\"potentialAction\":[{\"@type\":\"ReadAction\",\"target\":[\"https:\\\/\\\/www.longitudi.fi\\\/en\\\/product\\\/petter-ernst-stockholm\\\/\"]}]},{\"@type\":\"ImageObject\",\"inLanguage\":\"en-US\",\"@id\":\"https:\\\/\\\/www.longitudi.fi\\\/en\\\/product\\\/petter-ernst-stockholm\\\/#primaryimage\",\"url\":\"https:\\\/\\\/www.longitudi.fi\\\/wp-content\\\/uploads\\\/2018\\\/06\\\/Ernst.jpg\",\"contentUrl\":\"https:\\\/\\\/www.longitudi.fi\\\/wp-content\\\/uploads\\\/2018\\\/06\\\/Ernst.jpg\",\"width\":1000,\"height\":1000},{\"@type\":\"BreadcrumbList\",\"@id\":\"https:\\\/\\\/www.longitudi.fi\\\/en\\\/product\\\/petter-ernst-stockholm\\\/#breadcrumb\",\"itemListElement\":[{\"@type\":\"ListItem\",\"position\":1,\"name\":\"Home\",\"item\":\"https:\\\/\\\/www.longitudi.fi\\\/en\\\/\"},{\"@type\":\"ListItem\",\"position\":2,\"name\":\"Kauppa\",\"item\":\"https:\\\/\\\/www.longitudi.fi\\\/kauppa\\\/\"},{\"@type\":\"ListItem\",\"position\":3,\"name\":\"Petter Ernst, Stockholm\"}]},{\"@type\":\"WebSite\",\"@id\":\"https:\\\/\\\/www.longitudi.fi\\\/en\\\/#website\",\"url\":\"https:\\\/\\\/www.longitudi.fi\\\/en\\\/\",\"name\":\"Longitudi\",\"description\":\"Vintage-rannekelloja ja antiikkikelloja.\",\"publisher\":{\"@id\":\"https:\\\/\\\/www.longitudi.fi\\\/en\\\/#organization\"},\"potentialAction\":[{\"@type\":\"SearchAction\",\"target\":{\"@type\":\"EntryPoint\",\"urlTemplate\":\"https:\\\/\\\/www.longitudi.fi\\\/en\\\/?s={search_term_string}\"},\"query-input\":{\"@type\":\"PropertyValueSpecification\",\"valueRequired\":true,\"valueName\":\"search_term_string\"}}],\"inLanguage\":\"en-US\"},{\"@type\":\"Organization\",\"@id\":\"https:\\\/\\\/www.longitudi.fi\\\/en\\\/#organization\",\"name\":\"Longitudi Oy\",\"url\":\"https:\\\/\\\/www.longitudi.fi\\\/en\\\/\",\"logo\":{\"@type\":\"ImageObject\",\"inLanguage\":\"en-US\",\"@id\":\"https:\\\/\\\/www.longitudi.fi\\\/en\\\/#\\\/schema\\\/logo\\\/image\\\/\",\"url\":\"https:\\\/\\\/www.longitudi.fi\\\/wp-content\\\/uploads\\\/2018\\\/10\\\/Logo_2018_ilman_kelloa.jpg\",\"contentUrl\":\"https:\\\/\\\/www.longitudi.fi\\\/wp-content\\\/uploads\\\/2018\\\/10\\\/Logo_2018_ilman_kelloa.jpg\",\"width\":709,\"height\":216,\"caption\":\"Longitudi Oy\"},\"image\":{\"@id\":\"https:\\\/\\\/www.longitudi.fi\\\/en\\\/#\\\/schema\\\/logo\\\/image\\\/\"},\"sameAs\":[\"https:\\\/\\\/www.facebook.com\\\/LongitudiOy\\\/\",\"https:\\\/\\\/www.instagram.com\\\/longitudi.fi\\\/\"]}]}<\/script>\n<!-- \/ Yoast SEO plugin. -->","yoast_head_json":{"title":"Petter Ernst, Stockholm - Longitudi","robots":{"index":"index","follow":"follow","max-snippet":"max-snippet:-1","max-image-preview":"max-image-preview:large","max-video-preview":"max-video-preview:-1"},"canonical":"https:\/\/www.longitudi.fi\/en\/product\/petter-ernst-stockholm\/","og_locale":"en_US","og_type":"article","og_title":"Petter Ernst, Stockholm - Longitudi","og_description":"Petter Ernst, Stokholm empire p\u00f6yt\u00e4kello. Koko 31,5\u00d750 cm","og_url":"https:\/\/www.longitudi.fi\/en\/product\/petter-ernst-stockholm\/","og_site_name":"Longitudi","article_publisher":"https:\/\/www.facebook.com\/LongitudiOy\/","article_modified_time":"2020-06-13T15:09:25+00:00","og_image":[{"width":1000,"height":1000,"url":"https:\/\/www.longitudi.fi\/wp-content\/uploads\/2018\/06\/Ernst.jpg","type":"image\/jpeg"}],"twitter_card":"summary_large_image","twitter_misc":{"Est. reading time":"1 minute"},"schema":{"@context":"https:\/\/schema.org","@graph":[{"@type":"WebPage","@id":"https:\/\/www.longitudi.fi\/en\/product\/petter-ernst-stockholm\/","url":"https:\/\/www.longitudi.fi\/en\/product\/petter-ernst-stockholm\/","name":"Petter Ernst, Stockholm - Longitudi","isPartOf":{"@id":"https:\/\/www.longitudi.fi\/en\/#website"},"primaryImageOfPage":{"@id":"https:\/\/www.longitudi.fi\/en\/product\/petter-ernst-stockholm\/#primaryimage"},"image":{"@id":"https:\/\/www.longitudi.fi\/en\/product\/petter-ernst-stockholm\/#primaryimage"},"thumbnailUrl":"https:\/\/www.longitudi.fi\/wp-content\/uploads\/2018\/06\/Ernst.jpg","datePublished":"2018-07-02T08:45:39+00:00","dateModified":"2020-06-13T15:09:25+00:00","breadcrumb":{"@id":"https:\/\/www.longitudi.fi\/en\/product\/petter-ernst-stockholm\/#breadcrumb"},"inLanguage":"en-US","potentialAction":[{"@type":"ReadAction","target":["https:\/\/www.longitudi.fi\/en\/product\/petter-ernst-stockholm\/"]}]},{"@type":"ImageObject","inLanguage":"en-US","@id":"https:\/\/www.longitudi.fi\/en\/product\/petter-ernst-stockholm\/#primaryimage","url":"https:\/\/www.longitudi.fi\/wp-content\/uploads\/2018\/06\/Ernst.jpg","contentUrl":"https:\/\/www.longitudi.fi\/wp-content\/uploads\/2018\/06\/Ernst.jpg","width":1000,"height":1000},{"@type":"BreadcrumbList","@id":"https:\/\/www.longitudi.fi\/en\/product\/petter-ernst-stockholm\/#breadcrumb","itemListElement":[{"@type":"ListItem","position":1,"name":"Home","item":"https:\/\/www.longitudi.fi\/en\/"},{"@type":"ListItem","position":2,"name":"Kauppa","item":"https:\/\/www.longitudi.fi\/kauppa\/"},{"@type":"ListItem","position":3,"name":"Petter Ernst, Stockholm"}]},{"@type":"WebSite","@id":"https:\/\/www.longitudi.fi\/en\/#website","url":"https:\/\/www.longitudi.fi\/en\/","name":"Longitudi","description":"Vintage-rannekelloja ja antiikkikelloja.","publisher":{"@id":"https:\/\/www.longitudi.fi\/en\/#organization"},"potentialAction":[{"@type":"SearchAction","target":{"@type":"EntryPoint","urlTemplate":"https:\/\/www.longitudi.fi\/en\/?s={search_term_string}"},"query-input":{"@type":"PropertyValueSpecification","valueRequired":true,"valueName":"search_term_string"}}],"inLanguage":"en-US"},{"@type":"Organization","@id":"https:\/\/www.longitudi.fi\/en\/#organization","name":"Longitudi Oy","url":"https:\/\/www.longitudi.fi\/en\/","logo":{"@type":"ImageObject","inLanguage":"en-US","@id":"https:\/\/www.longitudi.fi\/en\/#\/schema\/logo\/image\/","url":"https:\/\/www.longitudi.fi\/wp-content\/uploads\/2018\/10\/Logo_2018_ilman_kelloa.jpg","contentUrl":"https:\/\/www.longitudi.fi\/wp-content\/uploads\/2018\/10\/Logo_2018_ilman_kelloa.jpg","width":709,"height":216,"caption":"Longitudi Oy"},"image":{"@id":"https:\/\/www.longitudi.fi\/en\/#\/schema\/logo\/image\/"},"sameAs":["https:\/\/www.facebook.com\/LongitudiOy\/","https:\/\/www.instagram.com\/longitudi.fi\/"]}]}},"_links":{"self":[{"href":"https:\/\/www.longitudi.fi\/en\/wp-json\/wp\/v2\/product\/29894","targetHints":{"allow":["GET"]}}],"collection":[{"href":"https:\/\/www.longitudi.fi\/en\/wp-json\/wp\/v2\/product"}],"about":[{"href":"https:\/\/www.longitudi.fi\/en\/wp-json\/wp\/v2\/types\/product"}],"wp:featuredmedia":[{"embeddable":true,"href":"https:\/\/www.longitudi.fi\/en\/wp-json\/wp\/v2\/media\/15389"}],"wp:attachment":[{"href":"https:\/\/www.longitudi.fi\/en\/wp-json\/wp\/v2\/media?parent=29894"}],"wp:term":[{"taxonomy":"product_brand","embeddable":true,"href":"https:\/\/www.longitudi.fi\/en\/wp-json\/wp\/v2\/product_brand?post=29894"},{"taxonomy":"product_cat","embeddable":true,"href":"https:\/\/www.longitudi.fi\/en\/wp-json\/wp\/v2\/product_cat?post=29894"},{"taxonomy":"product_tag","embeddable":true,"href":"https:\/\/www.longitudi.fi\/en\/wp-json\/wp\/v2\/product_tag?post=29894"}],"curies":[{"name":"wp","href":"https:\/\/api.w.org\/{rel}","templated":true}]}}