{"id":29842,"date":"2019-05-22T00:20:25","date_gmt":"2019-05-21T21:20:25","guid":{"rendered":"https:\/\/www.longitudi.fi\/tuote\/hublot-king-gold-pave-33mm\/"},"modified":"2020-06-03T14:25:09","modified_gmt":"2020-06-03T11:25:09","slug":"18k-hublot-king-gold-pave-33mm","status":"publish","type":"product","link":"https:\/\/www.longitudi.fi\/en\/product\/18k-hublot-king-gold-pave-33mm\/","title":{"rendered":"18k Hublot King Gold Pav\u00e9 33mm"},"content":{"rendered":"<p><strong>HUBLOT KING GOLD<\/strong> Pav\u00e9 33 mm<\/p>\n<p>18k Hublot Classic Fusion King Gold Pav\u00e9 women&#8217;s watch. 18k red gold case with diamond inlays. Ref.581.OX.1180.RX.1704. Hublot quartz movement. Case diameter: 33mm. Original rubber strap with a gold Hublot deployant clasp. Original box, no documents. The recommended retail price of a similar new King Gold Pav\u00e9 model is approximately \u008021.000\u20ac.<\/p>\n<p>On commission sale, no shop warranty. The watch has been tested and works great. Almost like new.<\/p>\n","protected":false},"excerpt":{"rendered":"<p>HUBLOT KING GOLD Pav\u00e9 33 mm 18k Hublot Classic Fusion King Gold Pav\u00e9 women&#8217;s watch. 18k red gold case with diamond inlays. Ref.581.OX.1180.RX.1704. Hublot quartz movement. Case diameter: 33mm. Original rubber strap with a gold Hublot deployant clasp. Original box, no documents. The recommended retail price of a similar new King Gold Pav\u00e9 model is approximately \u008021.000\u20ac. On commission sale,&hellip;<\/p>\n","protected":false},"featured_media":24891,"template":"","meta":{"_acf_changed":false},"product_brand":[],"product_cat":[1478],"product_tag":[1384,1385,1386,1387,1388],"class_list":{"0":"post-29842","1":"product","2":"type-product","3":"status-publish","4":"has-post-thumbnail","6":"product_cat-uncategorized-en","7":"product_tag-classic-en","8":"product_tag-fusion-en","9":"product_tag-hublot-en","10":"product_tag-king-gold-en","11":"product_tag-pave-en","13":"first","14":"instock","15":"purchasable","16":"product-type-simple"},"acf":[],"yoast_head":"<!-- This site is optimized with the Yoast SEO plugin v27.3 - https:\/\/yoast.com\/product\/yoast-seo-wordpress\/ -->\n<title>18k Hublot King Gold Pav\u00e9 33mm - Longitudi<\/title>\n<meta name=\"robots\" content=\"index, follow, max-snippet:-1, max-image-preview:large, max-video-preview:-1\" \/>\n<link rel=\"canonical\" href=\"https:\/\/www.longitudi.fi\/en\/product\/18k-hublot-king-gold-pave-33mm\/\" \/>\n<meta property=\"og:locale\" content=\"en_US\" \/>\n<meta property=\"og:type\" content=\"article\" \/>\n<meta property=\"og:title\" content=\"18k Hublot King Gold Pav\u00e9 33mm - Longitudi\" \/>\n<meta property=\"og:description\" content=\"HUBLOT KING GOLD Pav\u00e9 33 mm 18k Hublot Classic Fusion King Gold Pav\u00e9 women&#8217;s watch. 18k red gold case with diamond inlays. Ref.581.OX.1180.RX.1704. Hublot quartz movement. Case diameter: 33mm. Original rubber strap with a gold Hublot deployant clasp. Original box, no documents. The recommended retail price of a similar new King Gold Pav\u00e9 model is approximately \u008021.000\u20ac. On commission sale,&hellip;\" \/>\n<meta property=\"og:url\" content=\"https:\/\/www.longitudi.fi\/en\/product\/18k-hublot-king-gold-pave-33mm\/\" \/>\n<meta property=\"og:site_name\" content=\"Longitudi\" \/>\n<meta property=\"article:publisher\" content=\"https:\/\/www.facebook.com\/LongitudiOy\/\" \/>\n<meta property=\"article:modified_time\" content=\"2020-06-03T11:25:09+00:00\" \/>\n<meta property=\"og:image\" content=\"https:\/\/www.longitudi.fi\/wp-content\/uploads\/2019\/05\/Hublot_King_Gold_Pave\u0301-1.jpg\" \/>\n\t<meta property=\"og:image:width\" content=\"2000\" \/>\n\t<meta property=\"og:image:height\" content=\"2000\" \/>\n\t<meta property=\"og:image:type\" content=\"image\/jpeg\" \/>\n<meta name=\"twitter:card\" content=\"summary_large_image\" \/>\n<script type=\"application\/ld+json\" class=\"yoast-schema-graph\">{\"@context\":\"https:\\\/\\\/schema.org\",\"@graph\":[{\"@type\":\"WebPage\",\"@id\":\"https:\\\/\\\/www.longitudi.fi\\\/en\\\/product\\\/18k-hublot-king-gold-pave-33mm\\\/\",\"url\":\"https:\\\/\\\/www.longitudi.fi\\\/en\\\/product\\\/18k-hublot-king-gold-pave-33mm\\\/\",\"name\":\"18k Hublot King Gold Pav\u00e9 33mm - Longitudi\",\"isPartOf\":{\"@id\":\"https:\\\/\\\/www.longitudi.fi\\\/en\\\/#website\"},\"primaryImageOfPage\":{\"@id\":\"https:\\\/\\\/www.longitudi.fi\\\/en\\\/product\\\/18k-hublot-king-gold-pave-33mm\\\/#primaryimage\"},\"image\":{\"@id\":\"https:\\\/\\\/www.longitudi.fi\\\/en\\\/product\\\/18k-hublot-king-gold-pave-33mm\\\/#primaryimage\"},\"thumbnailUrl\":\"https:\\\/\\\/www.longitudi.fi\\\/wp-content\\\/uploads\\\/2019\\\/05\\\/Hublot_King_Gold_Pave\u0301-1.jpg\",\"datePublished\":\"2019-05-21T21:20:25+00:00\",\"dateModified\":\"2020-06-03T11:25:09+00:00\",\"breadcrumb\":{\"@id\":\"https:\\\/\\\/www.longitudi.fi\\\/en\\\/product\\\/18k-hublot-king-gold-pave-33mm\\\/#breadcrumb\"},\"inLanguage\":\"en-US\",\"potentialAction\":[{\"@type\":\"ReadAction\",\"target\":[\"https:\\\/\\\/www.longitudi.fi\\\/en\\\/product\\\/18k-hublot-king-gold-pave-33mm\\\/\"]}]},{\"@type\":\"ImageObject\",\"inLanguage\":\"en-US\",\"@id\":\"https:\\\/\\\/www.longitudi.fi\\\/en\\\/product\\\/18k-hublot-king-gold-pave-33mm\\\/#primaryimage\",\"url\":\"https:\\\/\\\/www.longitudi.fi\\\/wp-content\\\/uploads\\\/2019\\\/05\\\/Hublot_King_Gold_Pave\u0301-1.jpg\",\"contentUrl\":\"https:\\\/\\\/www.longitudi.fi\\\/wp-content\\\/uploads\\\/2019\\\/05\\\/Hublot_King_Gold_Pave\u0301-1.jpg\",\"width\":2000,\"height\":2000,\"caption\":\"18k Hublot Classic Fusion King Gold Pav\u00e9 women's watch\"},{\"@type\":\"BreadcrumbList\",\"@id\":\"https:\\\/\\\/www.longitudi.fi\\\/en\\\/product\\\/18k-hublot-king-gold-pave-33mm\\\/#breadcrumb\",\"itemListElement\":[{\"@type\":\"ListItem\",\"position\":1,\"name\":\"Home\",\"item\":\"https:\\\/\\\/www.longitudi.fi\\\/en\\\/\"},{\"@type\":\"ListItem\",\"position\":2,\"name\":\"Kauppa\",\"item\":\"https:\\\/\\\/www.longitudi.fi\\\/kauppa\\\/\"},{\"@type\":\"ListItem\",\"position\":3,\"name\":\"18k Hublot King Gold Pav\u00e9 33mm\"}]},{\"@type\":\"WebSite\",\"@id\":\"https:\\\/\\\/www.longitudi.fi\\\/en\\\/#website\",\"url\":\"https:\\\/\\\/www.longitudi.fi\\\/en\\\/\",\"name\":\"Longitudi\",\"description\":\"Vintage-rannekelloja ja antiikkikelloja.\",\"publisher\":{\"@id\":\"https:\\\/\\\/www.longitudi.fi\\\/en\\\/#organization\"},\"potentialAction\":[{\"@type\":\"SearchAction\",\"target\":{\"@type\":\"EntryPoint\",\"urlTemplate\":\"https:\\\/\\\/www.longitudi.fi\\\/en\\\/?s={search_term_string}\"},\"query-input\":{\"@type\":\"PropertyValueSpecification\",\"valueRequired\":true,\"valueName\":\"search_term_string\"}}],\"inLanguage\":\"en-US\"},{\"@type\":\"Organization\",\"@id\":\"https:\\\/\\\/www.longitudi.fi\\\/en\\\/#organization\",\"name\":\"Longitudi Oy\",\"url\":\"https:\\\/\\\/www.longitudi.fi\\\/en\\\/\",\"logo\":{\"@type\":\"ImageObject\",\"inLanguage\":\"en-US\",\"@id\":\"https:\\\/\\\/www.longitudi.fi\\\/en\\\/#\\\/schema\\\/logo\\\/image\\\/\",\"url\":\"https:\\\/\\\/www.longitudi.fi\\\/wp-content\\\/uploads\\\/2018\\\/10\\\/Logo_2018_ilman_kelloa.jpg\",\"contentUrl\":\"https:\\\/\\\/www.longitudi.fi\\\/wp-content\\\/uploads\\\/2018\\\/10\\\/Logo_2018_ilman_kelloa.jpg\",\"width\":709,\"height\":216,\"caption\":\"Longitudi Oy\"},\"image\":{\"@id\":\"https:\\\/\\\/www.longitudi.fi\\\/en\\\/#\\\/schema\\\/logo\\\/image\\\/\"},\"sameAs\":[\"https:\\\/\\\/www.facebook.com\\\/LongitudiOy\\\/\",\"https:\\\/\\\/www.instagram.com\\\/longitudi.fi\\\/\"]}]}<\/script>\n<!-- \/ Yoast SEO plugin. -->","yoast_head_json":{"title":"18k Hublot King Gold Pav\u00e9 33mm - Longitudi","robots":{"index":"index","follow":"follow","max-snippet":"max-snippet:-1","max-image-preview":"max-image-preview:large","max-video-preview":"max-video-preview:-1"},"canonical":"https:\/\/www.longitudi.fi\/en\/product\/18k-hublot-king-gold-pave-33mm\/","og_locale":"en_US","og_type":"article","og_title":"18k Hublot King Gold Pav\u00e9 33mm - Longitudi","og_description":"HUBLOT KING GOLD Pav\u00e9 33 mm 18k Hublot Classic Fusion King Gold Pav\u00e9 women&#8217;s watch. 18k red gold case with diamond inlays. Ref.581.OX.1180.RX.1704. Hublot quartz movement. Case diameter: 33mm. Original rubber strap with a gold Hublot deployant clasp. Original box, no documents. The recommended retail price of a similar new King Gold Pav\u00e9 model is approximately \u008021.000\u20ac. On commission sale,&hellip;","og_url":"https:\/\/www.longitudi.fi\/en\/product\/18k-hublot-king-gold-pave-33mm\/","og_site_name":"Longitudi","article_publisher":"https:\/\/www.facebook.com\/LongitudiOy\/","article_modified_time":"2020-06-03T11:25:09+00:00","og_image":[{"width":2000,"height":2000,"url":"https:\/\/www.longitudi.fi\/wp-content\/uploads\/2019\/05\/Hublot_King_Gold_Pave\u0301-1.jpg","type":"image\/jpeg"}],"twitter_card":"summary_large_image","schema":{"@context":"https:\/\/schema.org","@graph":[{"@type":"WebPage","@id":"https:\/\/www.longitudi.fi\/en\/product\/18k-hublot-king-gold-pave-33mm\/","url":"https:\/\/www.longitudi.fi\/en\/product\/18k-hublot-king-gold-pave-33mm\/","name":"18k Hublot King Gold Pav\u00e9 33mm - Longitudi","isPartOf":{"@id":"https:\/\/www.longitudi.fi\/en\/#website"},"primaryImageOfPage":{"@id":"https:\/\/www.longitudi.fi\/en\/product\/18k-hublot-king-gold-pave-33mm\/#primaryimage"},"image":{"@id":"https:\/\/www.longitudi.fi\/en\/product\/18k-hublot-king-gold-pave-33mm\/#primaryimage"},"thumbnailUrl":"https:\/\/www.longitudi.fi\/wp-content\/uploads\/2019\/05\/Hublot_King_Gold_Pave\u0301-1.jpg","datePublished":"2019-05-21T21:20:25+00:00","dateModified":"2020-06-03T11:25:09+00:00","breadcrumb":{"@id":"https:\/\/www.longitudi.fi\/en\/product\/18k-hublot-king-gold-pave-33mm\/#breadcrumb"},"inLanguage":"en-US","potentialAction":[{"@type":"ReadAction","target":["https:\/\/www.longitudi.fi\/en\/product\/18k-hublot-king-gold-pave-33mm\/"]}]},{"@type":"ImageObject","inLanguage":"en-US","@id":"https:\/\/www.longitudi.fi\/en\/product\/18k-hublot-king-gold-pave-33mm\/#primaryimage","url":"https:\/\/www.longitudi.fi\/wp-content\/uploads\/2019\/05\/Hublot_King_Gold_Pave\u0301-1.jpg","contentUrl":"https:\/\/www.longitudi.fi\/wp-content\/uploads\/2019\/05\/Hublot_King_Gold_Pave\u0301-1.jpg","width":2000,"height":2000,"caption":"18k Hublot Classic Fusion King Gold Pav\u00e9 women's watch"},{"@type":"BreadcrumbList","@id":"https:\/\/www.longitudi.fi\/en\/product\/18k-hublot-king-gold-pave-33mm\/#breadcrumb","itemListElement":[{"@type":"ListItem","position":1,"name":"Home","item":"https:\/\/www.longitudi.fi\/en\/"},{"@type":"ListItem","position":2,"name":"Kauppa","item":"https:\/\/www.longitudi.fi\/kauppa\/"},{"@type":"ListItem","position":3,"name":"18k Hublot King Gold Pav\u00e9 33mm"}]},{"@type":"WebSite","@id":"https:\/\/www.longitudi.fi\/en\/#website","url":"https:\/\/www.longitudi.fi\/en\/","name":"Longitudi","description":"Vintage-rannekelloja ja antiikkikelloja.","publisher":{"@id":"https:\/\/www.longitudi.fi\/en\/#organization"},"potentialAction":[{"@type":"SearchAction","target":{"@type":"EntryPoint","urlTemplate":"https:\/\/www.longitudi.fi\/en\/?s={search_term_string}"},"query-input":{"@type":"PropertyValueSpecification","valueRequired":true,"valueName":"search_term_string"}}],"inLanguage":"en-US"},{"@type":"Organization","@id":"https:\/\/www.longitudi.fi\/en\/#organization","name":"Longitudi Oy","url":"https:\/\/www.longitudi.fi\/en\/","logo":{"@type":"ImageObject","inLanguage":"en-US","@id":"https:\/\/www.longitudi.fi\/en\/#\/schema\/logo\/image\/","url":"https:\/\/www.longitudi.fi\/wp-content\/uploads\/2018\/10\/Logo_2018_ilman_kelloa.jpg","contentUrl":"https:\/\/www.longitudi.fi\/wp-content\/uploads\/2018\/10\/Logo_2018_ilman_kelloa.jpg","width":709,"height":216,"caption":"Longitudi Oy"},"image":{"@id":"https:\/\/www.longitudi.fi\/en\/#\/schema\/logo\/image\/"},"sameAs":["https:\/\/www.facebook.com\/LongitudiOy\/","https:\/\/www.instagram.com\/longitudi.fi\/"]}]}},"_links":{"self":[{"href":"https:\/\/www.longitudi.fi\/en\/wp-json\/wp\/v2\/product\/29842","targetHints":{"allow":["GET"]}}],"collection":[{"href":"https:\/\/www.longitudi.fi\/en\/wp-json\/wp\/v2\/product"}],"about":[{"href":"https:\/\/www.longitudi.fi\/en\/wp-json\/wp\/v2\/types\/product"}],"wp:featuredmedia":[{"embeddable":true,"href":"https:\/\/www.longitudi.fi\/en\/wp-json\/wp\/v2\/media\/24891"}],"wp:attachment":[{"href":"https:\/\/www.longitudi.fi\/en\/wp-json\/wp\/v2\/media?parent=29842"}],"wp:term":[{"taxonomy":"product_brand","embeddable":true,"href":"https:\/\/www.longitudi.fi\/en\/wp-json\/wp\/v2\/product_brand?post=29842"},{"taxonomy":"product_cat","embeddable":true,"href":"https:\/\/www.longitudi.fi\/en\/wp-json\/wp\/v2\/product_cat?post=29842"},{"taxonomy":"product_tag","embeddable":true,"href":"https:\/\/www.longitudi.fi\/en\/wp-json\/wp\/v2\/product_tag?post=29842"}],"curies":[{"name":"wp","href":"https:\/\/api.w.org\/{rel}","templated":true}]}}